{"id":1281,"date":"2016-03-29T17:34:21","date_gmt":"2016-03-29T15:34:21","guid":{"rendered":"http:\/\/kudanarhiv.org\/?page_id=1281"},"modified":"2016-03-29T17:49:54","modified_gmt":"2016-03-29T15:49:54","slug":"tv-filmski-klub","status":"publish","type":"page","link":"http:\/\/kudanarhiv.org\/?page_id=1281","title":{"rendered":"TV-filmski klub"},"content":{"rendered":"<p>Televizijsko-filmski klub \u0160kratove \u010citalnice in Knji\u017enice \u0160i\u0161ka je zasnovan kot interaktivni serial, na katerem bomo spoznavali temeljne sklope televizijskih \u0161tudij. Gre za disciplino, ki se je z vzponom t.i. kakovostne televizije v zadnjih letih izjemno razmahnila, zahteva pa znanja z razli\u010dnih podro\u010dij \u2013 od filma, sociologije, kulturnih \u0161tudij itd.<\/p>\n<p>Vsak posamezni sklop bo pospremljen z ogledom konkretnih primerov, podana bo osnovna razlaga, ki bo oplemenitena s pregledi aktualnih, a tudi zgodovinsko pomembnih primerov.<\/p>\n<p>Sre\u010devali se bomo enkrat mese\u010dno, od septembra 2015 do aprila 2016.<\/p>\n<p><strong>Dejavnost vodi in koordinira Nina Cvar, odvija se v okviru triletnega programa \u0160kratova \u010ditalnica, sofinancirata pa jo Mestna ob\u010dina Ljubljana in Mestna knji\u017enica Ljubljana &#8211; enota \u0160i\u0161ka.<\/strong><\/p>\n<p>&nbsp;<\/p>\n","protected":false},"excerpt":{"rendered":"<p>Televizijsko-filmski klub \u0160kratove \u010citalnice in Knji\u017enice \u0160i\u0161ka je zasnovan kot interaktivni serial, na katerem bomo spoznavali temeljne sklope televizijskih \u0161tudij. Gre za disciplino, ki se je z vzponom t.i. kakovostne televizije v zadnjih letih izjemno razmahnila, zahteva pa znanja z razli\u010dnih podro\u010dij \u2013 od filma, sociologije, kulturnih \u0161tudij itd. Vsak posamezni sklop bo pospremljen z [&hellip;]<\/p>\n","protected":false},"author":2,"featured_media":0,"parent":0,"menu_order":0,"comment_status":"closed","ping_status":"closed","template":"","meta":{"footnotes":""},"class_list":["post-1281","page","type-page","status-publish","hentry"],"_links":{"self":[{"href":"http:\/\/kudanarhiv.org\/index.php?rest_route=\/wp\/v2\/pages\/1281","targetHints":{"allow":["GET"]}}],"collection":[{"href":"http:\/\/kudanarhiv.org\/index.php?rest_route=\/wp\/v2\/pages"}],"about":[{"href":"http:\/\/kudanarhiv.org\/index.php?rest_route=\/wp\/v2\/types\/page"}],"author":[{"embeddable":true,"href":"http:\/\/kudanarhiv.org\/index.php?rest_route=\/wp\/v2\/users\/2"}],"replies":[{"embeddable":true,"href":"http:\/\/kudanarhiv.org\/index.php?rest_route=%2Fwp%2Fv2%2Fcomments&post=1281"}],"version-history":[{"count":3,"href":"http:\/\/kudanarhiv.org\/index.php?rest_route=\/wp\/v2\/pages\/1281\/revisions"}],"predecessor-version":[{"id":1293,"href":"http:\/\/kudanarhiv.org\/index.php?rest_route=\/wp\/v2\/pages\/1281\/revisions\/1293"}],"wp:attachment":[{"href":"http:\/\/kudanarhiv.org\/index.php?rest_route=%2Fwp%2Fv2%2Fmedia&parent=1281"}],"curies":[{"name":"wp","href":"https:\/\/api.w.org\/{rel}","templated":true}]}}