{"id":37,"date":"2013-07-08T10:38:21","date_gmt":"2013-07-08T10:38:21","guid":{"rendered":"http:\/\/kudanarhiv.org\/?page_id=37"},"modified":"2014-06-30T12:15:26","modified_gmt":"2014-06-30T10:15:26","slug":"skrati-na-vrtu-ali-pridelaj-si-lastno-zelenje","status":"publish","type":"page","link":"http:\/\/kudanarhiv.org\/?page_id=37","title":{"rendered":"\u0160krati na vrtu ali Pridelaj si lastno zelenje"},"content":{"rendered":"<p>\u0160kratje imamo v letu 2014 \u017ee v tretje svoj vrt, na katerega smo zares ponosni!<\/p>\n<p>V okviru projekta organiziramo izobra\u017eevanja, samoizobra\u017eevanja, teoreti\u010dna in predvsem zelo prakti\u010dna izpopolnjevanja s katerimi pridelujemo povrtnine in druge rastline. Projekt je namenjen u\u010denju o samooskrbi s prehrano in osnovah permakulture.<\/p>\n<p>\u0160kratov vrt je namenjen predvsem:<\/p>\n<p>&#8211; \u00a0 \u00a0 \u00a0 \u00a0 \u00a0spoznavanju osnov pridelave lastne zelenjave in sadja,<\/p>\n<p>&#8211;\u00a0\u00a0\u00a0\u00a0\u00a0\u00a0\u00a0\u00a0\u00a0 zbiranju avtohtonih lokalnih semen,<\/p>\n<p>&#8211;\u00a0\u00a0\u00a0\u00a0\u00a0\u00a0\u00a0\u00a0\u00a0 prakticiranju osvojenega znanja z zasaditvijo (po principih permakulture) \u0161tevilnih rastlin na vrtu,<\/p>\n<p>&#8211;\u00a0\u00a0\u00a0\u00a0\u00a0\u00a0\u00a0\u00a0\u00a0 redna skrb za vrt (od maja do oktobra 3-4x tedensko),<\/p>\n<p>&#8211;\u00a0\u00a0\u00a0\u00a0\u00a0\u00a0\u00a0\u00a0\u00a0 spoznavanje tehnik vlaganja zelenjave, su\u0161enja zdravilnih rastlin in \u010dajev ter shranjevanja semen za prihodnje leto.<\/p>\n","protected":false},"excerpt":{"rendered":"<p>\u0160kratje imamo v letu 2014 \u017ee v tretje svoj vrt, na katerega smo zares ponosni! V okviru projekta organiziramo izobra\u017eevanja, samoizobra\u017eevanja, teoreti\u010dna in predvsem zelo prakti\u010dna izpopolnjevanja s katerimi pridelujemo povrtnine in druge rastline. Projekt je namenjen u\u010denju o samooskrbi s prehrano in osnovah permakulture. \u0160kratov vrt je namenjen predvsem: &#8211; \u00a0 \u00a0 \u00a0 \u00a0 [&hellip;]<\/p>\n","protected":false},"author":7,"featured_media":0,"parent":0,"menu_order":0,"comment_status":"closed","ping_status":"closed","template":"","meta":{"footnotes":""},"class_list":["post-37","page","type-page","status-publish","hentry"],"_links":{"self":[{"href":"http:\/\/kudanarhiv.org\/index.php?rest_route=\/wp\/v2\/pages\/37","targetHints":{"allow":["GET"]}}],"collection":[{"href":"http:\/\/kudanarhiv.org\/index.php?rest_route=\/wp\/v2\/pages"}],"about":[{"href":"http:\/\/kudanarhiv.org\/index.php?rest_route=\/wp\/v2\/types\/page"}],"author":[{"embeddable":true,"href":"http:\/\/kudanarhiv.org\/index.php?rest_route=\/wp\/v2\/users\/7"}],"replies":[{"embeddable":true,"href":"http:\/\/kudanarhiv.org\/index.php?rest_route=%2Fwp%2Fv2%2Fcomments&post=37"}],"version-history":[{"count":5,"href":"http:\/\/kudanarhiv.org\/index.php?rest_route=\/wp\/v2\/pages\/37\/revisions"}],"predecessor-version":[{"id":435,"href":"http:\/\/kudanarhiv.org\/index.php?rest_route=\/wp\/v2\/pages\/37\/revisions\/435"}],"wp:attachment":[{"href":"http:\/\/kudanarhiv.org\/index.php?rest_route=%2Fwp%2Fv2%2Fmedia&parent=37"}],"curies":[{"name":"wp","href":"https:\/\/api.w.org\/{rel}","templated":true}]}}