{"id":467,"date":"2014-08-31T21:22:28","date_gmt":"2014-08-31T19:22:28","guid":{"rendered":"http:\/\/kudanarhiv.org\/?page_id=467"},"modified":"2019-11-01T17:16:34","modified_gmt":"2019-11-01T16:16:34","slug":"skratove-zvocne-delavnice","status":"publish","type":"page","link":"http:\/\/kudanarhiv.org\/?page_id=467","title":{"rendered":"\u0160kratove zvo\u010dne delavnice"},"content":{"rendered":"<p>S \u0160kratovimi zvo\u010dnimi delavnicami smo za\u010deli leta 2014. Od leta 2014 se je tako zvrstilo na stotine zvo\u010dnih sre\u010danj, ki so organizirala po principu dru\u017eenja z vsebino. Prav tako smo organizirali vrsto izobra\u017eevalnih dogodkov z glasbenega podro\u010dja, pri \u010demer sodelujemo z Moniko Skaberne. V letu 2019\/20 bomo tako \u0161e naprej delovali na tem podro\u010dju. \u0160kratove zvo\u010dne delavnice so sicer del triletnega programa \u0160kratova \u010ditalnica.<\/p>\n<p>Na\u010drtujemo delavnico glasbene improvizacije in elektronske produkcije, v okviru katerih bomo mladim nudili mo\u017enost sodelovanja v glasbeni improvizaciji, nastopanju in produciranju lastne avtorske glasbe ter kasneje \u0161e promociji in distribuiranju po zainteresiranih kanalih s pogojem, da bo glasba vedno na voljo brezpla\u010dno. Program bo sestavljen iz predavanj o glasbeni improvizaciji, pri katerem bosta sodelovala elektronski improvizator Andrej Pervanje in Tit Podobnik. Miksanje in snemanje bo predstavil Sre\u010dko Lub\u0161ina. Osnovne produkcijske trike bosta razkrila akterja z underground scene Kaganovich in Jozo Elektronik, glavne aspekte zalo\u017eni\u0161tva, distribucije in \u0161ir\u0161ega projektnega dela pa bo predstavila Monika Skaberne. Delavnice bo zaokro\u017eila predstavitev materiala v okviru spletne delavnice s Titom Podobnikom.<\/p>\n<p><img loading=\"lazy\" decoding=\"async\" class=\"aligncenter wp-image-1378 size-medium\" src=\"http:\/\/kudanarhiv.org\/wp-content\/uploads\/2014\/08\/20150822_183452-e1463309476403-225x300.jpg\" alt=\"20150822_183452\" width=\"225\" height=\"300\" srcset=\"http:\/\/kudanarhiv.org\/wp-content\/uploads\/2014\/08\/20150822_183452-e1463309476403-225x300.jpg 225w, http:\/\/kudanarhiv.org\/wp-content\/uploads\/2014\/08\/20150822_183452-e1463309476403-768x1024.jpg 768w\" sizes=\"auto, (max-width: 225px) 100vw, 225px\" \/><\/p>\n<p>Primer na\u0161ih delavnic, v katere vklju\u010dujemo tudi delo s spletom:<\/p>\n<p><strong>OSNOVE SNEMANJA IN OBDELAVE ZVOKA<\/strong><\/p>\n<p><strong>NOSILCI:\u00a0<\/strong>Sre\u010dko Lub\u0161ina, Tit Podobnik, Monika Skaberne<\/p>\n<p><strong>CILJI DELAVNIC:<\/strong>\u00a0 \u00a0Temeljni cilj delavnic\u00a0je seznaniti udele\u017eence delavnic z osnovami snemanja in obdelave zvoka s pomo\u010djo ra\u010dunalnika opremljenega z ustreznimi strojnimi in programskimi orodji. Poudarek bo predvsem na snemanju govora s pomo\u010djo poceni ali prosto dostopnih programov za obdelavo zvoka (Audacity, Reaper). Sodelujo\u010di bodo po kon\u010dani udele\u017ebi znali pravilno posneti in obdelati zvo\u010dni posnetek govora ter ga shraniti v ustrezen digitalen zapis, seznanjeni pa bodo tudi z nekaterimi osnovnimi pojmi, ki jih potrebujejo za uspe\u0161no izvedbo in \u0161ir\u0161e razumevanje tematike snemanja zvoka.<\/p>\n<p>Drugi del delavnic se bo na kratko lotil postavitve preproste spletne strani na temelju WordPress, s \u010dimer bodo sodelujo\u010di lahko neodvisno predstavili svojo glasbo na spletu.<\/p>\n<p><strong>VSEBINSKI SKLOPI:<\/strong><\/p>\n<p>1. Kaj je zvok<\/p>\n<p>1.1.\u00a0Zvok kot valovanje<\/p>\n<p>1.2.\u00a0Zaznavanje zvoka<\/p>\n<p>1.3.\u00a0Razlaga osnovnih pojmov (intenziteta, zvo\u010dni tlak, frekvenca, itd.)<\/p>\n<p>2. Vrste mikrofonov (najpogosteje uporabljane)<\/p>\n<p>2.1. Dinami\u010dni mikrofon<\/p>\n<p>2.2. Kondenzatorski mikrofon<\/p>\n<p>2.3. Ribbon mikrofon<\/p>\n<p>2.4. Kristalni mikrofon<\/p>\n<p>3. Pravilna uporaba mikrofona<\/p>\n<p>3.1. Postavitev mikrofona v prostoru<\/p>\n<p>3.2. Vrste kablov in priklju\u010dkov<\/p>\n<p>3.3. Razlaga osnovnih pojmov (usmerjenost, balansiran\/nebalansiran signal, phantom napajanje, itd.)<\/p>\n<p>4. Vzpostavitev ra\u010dunalni\u0161kega sistema za snemanje zvoka<\/p>\n<p>4.1. Vrste zvo\u010dnih kartic<\/p>\n<p>4.2. Pravilne nastavitve zvo\u010dne kartice<\/p>\n<p>4.3. Osnovne konfiguracijske zahteve za pravilno delovanje in namestitev programov za snemanje obdelavo zvoka<\/p>\n<p>5. Uporaba ra\u010dunalni\u0161kega programa za snemanje in obdelavo zvoka<\/p>\n<p>5.1. Osnovne funkcije in uporaba DAW (Digital Audio Workstation) programov<\/p>\n<p>5.2. Predstavitev programa Audacity<\/p>\n<p>5.3. Predstavitev programa Reaper<\/p>\n<p>6. Osnovna obdelava posnetka govora<\/p>\n<p>6.1. Rezanje (vdihov, \u0161umov, nepotrebne vsebine)<\/p>\n<p>6.2. Popravljanje nivojev glasnosti (crossfade, fade in\/out, uporaba envelope sledi)<\/p>\n<p>6.3. Uporaba osnovnih efektov (ekvalizacija, kompresija, normalizacija)<\/p>\n<p>7. Vrste digitalnih formatov za shranjevanje zvoka<\/p>\n<p>7.1. Brezizgubni (lossless) formati (WAV, FLAC)<\/p>\n<p>7.2. Izgubni (lossy) formati (MP3, OGG, WMA)<\/p>\n<p>8. Kaj potrebujemo za postavitev spletne strani na WordPressu?<\/p>\n<p>8.1 Gostovanje in domena<\/p>\n<p>8.2 FTP in cPanel<\/p>\n<p>8.3 WordPress<\/p>\n<p>8.3.1 WordPress vti\u010dniki in teme<\/p>\n<p>Sre\u010dko Lub\u0161ina: Zvo\u010dni tehnik na Radiu \u0160tudent, Radiu Pacient; aktivno udele\u017een pri tehni\u010dno-zvo\u010dnem eksperimentiranju na radijsko-umetni\u0161ki platformi Megawhat, pomo\u010d pri tehni\u010dni izvedbi \u0160kratove filmske \u0161ole 2011.<\/p>\n<p>Tit Podobnik: Diplomant SAE Institute Web Design &amp; Development, nekdanji odgovorni urednik Nove Muske, tehni\u010dni urednik Nove Muske, redni sodelavec Radia \u0160tudent, ve\u010dletni prostovoljec, glasbeni kritik (sodelovanje z MMC RTV Slovenija, revijo Muska itd.), tehni\u010dni sodelavec in oblikovalec (zbornik, spletna stran, tiskovne) \u0160kratove filmske \u0161ole, programer in oblikovalec spletnih stran.<\/p>\n<p><span style=\"font-weight: bold;\">\u0160kratove zvo\u010dne delavnice\u00a0finan\u010dno podpirajo:<\/span><\/p>\n<p>Urad za mladino \u2013 MOL, organizacija Univerze v Ljubljani \u0160OU v letu 2014 in YHD.<\/p>\n","protected":false},"excerpt":{"rendered":"<p>S \u0160kratovimi zvo\u010dnimi delavnicami smo za\u010deli leta 2014. Od leta 2014 se je tako zvrstilo na stotine zvo\u010dnih sre\u010danj, ki so organizirala po principu dru\u017eenja z vsebino. Prav tako smo organizirali vrsto izobra\u017eevalnih dogodkov z glasbenega podro\u010dja, pri \u010demer sodelujemo z Moniko Skaberne. V letu 2019\/20 bomo tako \u0161e naprej delovali na tem podro\u010dju. \u0160kratove [&hellip;]<\/p>\n","protected":false},"author":7,"featured_media":0,"parent":0,"menu_order":0,"comment_status":"closed","ping_status":"closed","template":"","meta":{"footnotes":""},"class_list":["post-467","page","type-page","status-publish","hentry"],"_links":{"self":[{"href":"http:\/\/kudanarhiv.org\/index.php?rest_route=\/wp\/v2\/pages\/467","targetHints":{"allow":["GET"]}}],"collection":[{"href":"http:\/\/kudanarhiv.org\/index.php?rest_route=\/wp\/v2\/pages"}],"about":[{"href":"http:\/\/kudanarhiv.org\/index.php?rest_route=\/wp\/v2\/types\/page"}],"author":[{"embeddable":true,"href":"http:\/\/kudanarhiv.org\/index.php?rest_route=\/wp\/v2\/users\/7"}],"replies":[{"embeddable":true,"href":"http:\/\/kudanarhiv.org\/index.php?rest_route=%2Fwp%2Fv2%2Fcomments&post=467"}],"version-history":[{"count":13,"href":"http:\/\/kudanarhiv.org\/index.php?rest_route=\/wp\/v2\/pages\/467\/revisions"}],"predecessor-version":[{"id":2268,"href":"http:\/\/kudanarhiv.org\/index.php?rest_route=\/wp\/v2\/pages\/467\/revisions\/2268"}],"wp:attachment":[{"href":"http:\/\/kudanarhiv.org\/index.php?rest_route=%2Fwp%2Fv2%2Fmedia&parent=467"}],"curies":[{"name":"wp","href":"https:\/\/api.w.org\/{rel}","templated":true}]}}