{"id":88,"date":"2013-07-27T17:07:36","date_gmt":"2013-07-27T15:07:36","guid":{"rendered":"http:\/\/kudanarhiv.org\/?page_id=88"},"modified":"2013-07-27T17:07:36","modified_gmt":"2013-07-27T15:07:36","slug":"bralni-krozek-sodobne-epistemologije-in-humanistike","status":"publish","type":"page","link":"http:\/\/kudanarhiv.org\/?page_id=88","title":{"rendered":"Bralni kro\u017eek sodobne epistemologije in humanistike"},"content":{"rendered":"<div dir=\"ltr\">\n<p>Projekt je bil zasnovan kor redni kro\u017eek, katerega tema je bila analiza hierarhi\u010dnih ureditev v znanosti, politiki, medijih in dru\u017ebi kot taki. Vstop v dano tematiko je potekal konkretno preko knjige <em>Arheologija vednosti<\/em> francoskega filozofa Michela Foucaulta, ki je slu\u017eila za glavno referen\u010dno to\u010dko pri \u0161ir\u0161i obravnavi teme (drugih tekstov, refleksij udele\u017eencev, prakti\u010dnih delavnic itd.). Metoda je bila poglobljeno branje in analiza besedila ter njegova aplikacija na konkretne primere. S tovrstnim na\u010dinom dela smo \u017eeleli vzpodbuditi sposobnosti kriti\u010dnega mi\u0161ljenja in analize pri vseh udele\u017eencih.<\/p>\n<p><em>Bralni kro\u017eek sta vodila Izidor Bar\u0161i in\u00a0Ale\u0161 Mendi\u017eevec; potekal je v sodelovanju z MSUM, financiran pa je bil s strani \u0160OU.\u00a0<\/em><\/p>\n<p><a href=\"http:\/\/kudanarhiv.org\/wp-content\/uploads\/2013\/07\/5689.jpg\"><img loading=\"lazy\" decoding=\"async\" class=\"size-medium wp-image-89 aligncenter\" alt=\"\" src=\"http:\/\/kudanarhiv.org\/wp-content\/uploads\/2013\/07\/5689-203x300.jpg\" width=\"203\" height=\"300\" srcset=\"http:\/\/kudanarhiv.org\/wp-content\/uploads\/2013\/07\/5689-203x300.jpg 203w, http:\/\/kudanarhiv.org\/wp-content\/uploads\/2013\/07\/5689.jpg 407w\" sizes=\"auto, (max-width: 203px) 100vw, 203px\" \/><\/a><\/p>\n<\/div>\n","protected":false},"excerpt":{"rendered":"<p>Projekt je bil zasnovan kor redni kro\u017eek, katerega tema je bila analiza hierarhi\u010dnih ureditev v znanosti, politiki, medijih in dru\u017ebi kot taki. Vstop v dano tematiko je potekal konkretno preko knjige Arheologija vednosti francoskega filozofa Michela Foucaulta, ki je slu\u017eila za glavno referen\u010dno to\u010dko pri \u0161ir\u0161i obravnavi teme (drugih tekstov, refleksij udele\u017eencev, prakti\u010dnih delavnic itd.). [&hellip;]<\/p>\n","protected":false},"author":2,"featured_media":0,"parent":0,"menu_order":0,"comment_status":"closed","ping_status":"closed","template":"","meta":{"footnotes":""},"class_list":["post-88","page","type-page","status-publish","hentry"],"_links":{"self":[{"href":"http:\/\/kudanarhiv.org\/index.php?rest_route=\/wp\/v2\/pages\/88","targetHints":{"allow":["GET"]}}],"collection":[{"href":"http:\/\/kudanarhiv.org\/index.php?rest_route=\/wp\/v2\/pages"}],"about":[{"href":"http:\/\/kudanarhiv.org\/index.php?rest_route=\/wp\/v2\/types\/page"}],"author":[{"embeddable":true,"href":"http:\/\/kudanarhiv.org\/index.php?rest_route=\/wp\/v2\/users\/2"}],"replies":[{"embeddable":true,"href":"http:\/\/kudanarhiv.org\/index.php?rest_route=%2Fwp%2Fv2%2Fcomments&post=88"}],"version-history":[{"count":2,"href":"http:\/\/kudanarhiv.org\/index.php?rest_route=\/wp\/v2\/pages\/88\/revisions"}],"predecessor-version":[{"id":91,"href":"http:\/\/kudanarhiv.org\/index.php?rest_route=\/wp\/v2\/pages\/88\/revisions\/91"}],"wp:attachment":[{"href":"http:\/\/kudanarhiv.org\/index.php?rest_route=%2Fwp%2Fv2%2Fmedia&parent=88"}],"curies":[{"name":"wp","href":"https:\/\/api.w.org\/{rel}","templated":true}]}}