{"id":939,"date":"2015-03-29T13:36:04","date_gmt":"2015-03-29T11:36:04","guid":{"rendered":"http:\/\/kudanarhiv.org\/?page_id=939"},"modified":"2016-05-20T22:09:06","modified_gmt":"2016-05-20T20:09:06","slug":"zalozniska-dejavnost-kud-anarhiv","status":"publish","type":"page","link":"http:\/\/kudanarhiv.org\/?page_id=939","title":{"rendered":"Zalo\u017eni\u0161ka dejavnost KUD Anarhiv"},"content":{"rendered":"<p>Eno od pomembnej\u0161ih podro\u010dij delovanja Kulturno umetni\u0161kega dru\u0161tva Anarhiv je med drugim tudi izvajanje zalo\u017eni\u0161ke dejavnosti v skladu s statutom dru\u0161tva. Tako smo tekom let izdali ve\u010d (tako strokovnih kot poljudnih) zbornikov, knji\u017eic, informativnih zlo\u017eenk, celo \u010dasopisov.<\/p>\n<p>Z vsemi izdanimi materiali sku\u0161a KUD Anarhiv ne le celostno zaokro\u017eiti svoje aktivnosti, temve\u010d \u017eeli z njimi \u0161ir\u0161i, pa tudi strokovni javnosti, omogo\u010diti dostop do tem, ki se jih prek razli\u010dnih na\u010dinov obravnava in raziskuje v okviru izvajanih aktivnosti.<\/p>\n<p><em>Naj ob tem izpostavimo le nekaj odmevnej\u0161ih izdaj Kulturno umetni\u0161kega dru\u0161tva Anarhiv:<\/em><\/p>\n<p>2015: <strong><em>Dru\u017eba, to sem jaz: Bro\u0161ura<\/em><\/strong>:\u00a0<a href=\"http:\/\/kudanarhiv.org\/wp-content\/uploads\/2015\/03\/dtsj_brosura_december15.pdf\" rel=\"\">dtsj_brosura_december15<\/a><\/p>\n<p>Bro\u0161ura oz. knji\u017eica je nastala v okviru mladinskega projekta Dru\u017eba, to sem jaz. Na voljo v digitalni obliki, a tudi v \u0160kratovi \u010ditalnici.<\/p>\n<p>2012: <strong><em>Zbornik \u0160kratove filmske \u0161ole 2012: film in novi mediji<\/em><\/strong>.<\/p>\n<p>V njem boste na\u0161li poglobljene, znanstvene in strokovne \u010dlanke o aktualnih problemih digitalizacije, filma, interneta. Brali boste lahko tudi o spremenjenih na\u010dinih nadzora oziroma kontrole v t.i. dru\u017ebah nadzora; pa o prese\u010di\u0161\u010du dolg\/kapitalizem\/digitalno\/analogno\/filmski medij. V zborniku vas bo navdu\u0161eval tudi intervju s svetovno priznanim teoretikom Alexandrom R. Gallowayem, s katerim se je pogovarjal Andrej Toma\u017ein. Zbornik vas bo razveseljeval tudi z recenzijami in kratkimi zgodbami, ki so nastale v okviru skupinskega kreativno-filmskega pisanja. Na voljo \u0161e nekaj izvodov! Na voljo tudi v <a href=\"http:\/\/fimuthe.org\/index.php?def=objava&amp;id=54\">digitalni obliki!<\/a><\/p>\n<p>2012:\u00a0<strong><em>Kompas v besedah za orientacijo v prostoru pravic<\/em><\/strong><\/p>\n<p>Ustvarjalci projekta Digitalno nomadstvo, ki se je izvajal v okviru Evropske prestolnice kulture Maribor 2012, je po skoraj dveh letih intenzivnega terenskega dela in zagovorni\u0161tva z delavci migranti, prebe\u017eniki, osebami s subsidiarno za\u0161\u010dito in begunci v Mariboru, izdal zbirko najbolj osnovnih informacij za orientacijo v prostorih birokracije in vsakdanjega \u017eivljenja. Kompas dr\u017eavljanskih in delavskih pravic za migrante v Mariboru ali kako se integrirati v svoje pravice je plod terenskih izku\u0161enj raziskovalcev in migrantov v skupnem prizadevanju za ozave\u0161\u010danje in predvsem uveljavljanje obstoje\u010dih, a \u017eal mnogokrat kr\u0161enih oziroma neupo\u0161tevanih pravic iz podro\u010dja bivanja, upravnih postopkov, dela, integracije in prakti\u010dnega vsakdanjega pre\u017eivetja.<\/p>\n<p>Kompas je orodje za informiranje, prepoznavanje in uveljavljanje pravic, obenem pa slu\u017ei tudi kot pojasnjevalec razli\u010dnih osnovnih postopkov ali \u00bbpostopkovnih\u00ab situacij, v katerih se znajde velika ve\u010dina migrantov. Specifi\u010dne informacije so sicer vezane na situacijo migrantov v Mariboru, a je v splo\u0161nem pogledu Kompas namenjen vsem prebivalcem Slovenije. Oplemeniten je s konkretnimi izku\u0161njami in mo\u017enimi re\u0161itvami, ki so jih migranti na razli\u010dnih nivojih \u017ee uspe\u0161no uveljavljali v svojem vsakdanu. S popisom \u017ee obstoje\u010dih, preizku\u0161enih praks in pregledom ter pojasnili uradnih postopkov Kompas omogo\u010da prenos prakti\u010dne vednosti tako med migranti samimi kakor med osebami zaposlenimi na javnih institucijah in v nevladnih organizacijah. \u0160e na voljo! Na voljo tudi <a href=\"http:\/\/www.ljudmila.org\/anarhiv\/\">v digitalni obliki!\u00a0<\/a><\/p>\n<p>2011: <em><strong>Zbornik \u0160kratove filmske \u0161ole 2011: Film in digitalni na\u010din produkcije<\/strong><\/em><\/p>\n<p>Zbornik je plod analize razmerja umestitve filma kot aparata (po Agambenu) v ti. digitalni na\u010din produkcije. V njem boste na\u0161li poglobljene znanstvene in strokovne \u010dlanke na dano tematiko, pa tudi recenzije in zgodbe, ki so nastale na delavnicah skupinskega kreativno-filmskega pisanja. Zbornik je na voljo le \u0161e v\u00a0<a href=\"http:\/\/fimuthe.org\/index.php?def=objava&amp;id=39\">digitalni obliki<\/a>!<\/p>\n<p>2011:<strong><em> Mi smo bodo\u010de delavstvo<\/em><\/strong><\/p>\n<p>V okviru projekta\u00a0<em>Mi smo bodo\u010de delavstvo<\/em>\u00a0se je poglobilo v vpra\u0161anja prekarnega dela med mladimi in delovnih pogojev delavcev zaposlenih pri podizvajalcih v Luki Koper. Ti delavci bomo postali tudi mi, mladi! Ve\u010d o izsledkih projekta si lahko preberete\u00a0<a href=\"http:\/\/www.ljudmila.org\/anarhiv\/mi_smo_brosura.pdf\">tukaj<\/a>.<\/p>\n<p>2010: <strong><em>Zbornik \u0160kratove filmske male \u0161ole: rev\u0161\u010dina in socialna izklju\u010denost skozi filmski medij<\/em><\/strong><\/p>\n<p>Gre za prvi zbornik, ki je bil izdan v okviru \u0160kratove filmske (male) \u0161ole. V njem boste na\u0161li natan\u010dna poro\u010dila vseh izvedenih predavanj, pa tudi znanstvene in strokovne \u010dlanke, recenzije in predstavitev snemanja filma Izrezi praznine. Zbornik je na voljo le \u0161e v <a href=\"http:\/\/www.ljudmila.org\/anarhiv\/filmska\/\">digitalni obliki<\/a>.<\/p>\n<p>2010: <strong><em>Knjiga Svetovi drugih<\/em><\/strong><\/p>\n<p>Knjigo je uredila Tea Hvala, v njej pa boste na\u0161li zgodbe, ki so nastale\u00a0na \u0161tirih istoimenskih delavnicah v Ljubljani. Leitmotiv zgodb se vrti okoli zanimanj, namenjenih svetovom drugih, ki so zaznamovani s spolom, ker \u0161trlijo iz povpre\u010dja \u00bb\u017eenstvenih \u017eensk\u00ab in \u00bbmo\u017eatih mo\u0161kih\u00ab. Kot na svojem <a href=\"http:\/\/prepih.blogspot.com\/\">blogu Prepih\/Draft<\/a> pi\u0161e Tea Hvala, je udele\u017eenkam in udele\u017eencem znanstvena fantastika ponudila mo\u017enost igrivih opisov, namesto\u00a0usodnih vpisov v telo.<br \/>\nKnjiga je med drugim na voljo za izposojo v \u0160kratovi \u010citalnici (kot vse zgoraj navedene publikacije). Ve\u010d o knjigi in ideji za knjigo pa si lahko preberete\u00a0<a href=\"http:\/\/prepih.blogspot.com\/2010\/11\/vabilo-na-predstavitev-knjige-svetovi.html\">tukaj<\/a>.<\/p>\n<p>2009: \u00a0<em><strong>Pamflet: \u017denska roba. Po sledeh sodobnega su\u017eenjstva iz Afrike v Evropo<\/strong><\/em><\/p>\n<p>Ob dogodkih, ki smo jih organizirali v okviru festivala <a href=\"http:\/\/www.rdecezore.org\/\">Rde\u010de zore<\/a>, smo pripravili pamflet s povzetki knjige\u00a0<em>Mary Kreutzer<\/em>\u00a0in\u00a0<em>Corinne Milborn:\u00a0<strong>Ware Frau. Auf den Spuren moderner Sklaverei von Afrika nach Europa.<\/strong><\/em> Pamflet med drugim temelji na\u00a0izboru zanimivih informacij na temo trgovine z \u017eenskami in prisilne prostitucije pri nas, v Evropi in Afriki. Pamflet je brezpla\u010den in je na voljo samo v \u0160kratovi \u010citalnici (le en izvod!).<\/p>\n<p>2007: <em><strong>Zbornik Living with the Other<\/strong><\/em><\/p>\n<p>Zbornik je nastal v okviru mednarodne jesenske \u0161ole: Enake mo\u017enosti spolov na podro\u010dju biv\u0161e Jugoslavije. Vsebuje\u00a0teoretske in umetni\u0161ke prispevke udele\u017eencev \u0161ole. Zbornik je na voljo v \u0160kratovi \u010citalnici, pa tudi v\u00a0<a href=\"http:\/\/kudanarhiv.org\/wp-content\/uploads\/2013\/07\/zbornik_femi.vse_.pdf\">digitalni obliki<\/a>!<\/p>\n<p>2001:<strong><em> Publikacija in forum .svojtok.<\/em><\/strong><\/p>\n<p>.svojtok. je predstavljal (radikalno) kritiko obstoje\u010de dru\u017ebeno-ekonomske ureditve, namenjal je prostor konstruktivnim alternativam in nasploh vsem, katerih prizadevanja gredo v smeri oblikovanja svobodne, nehierarhi\u010dne, neavtoritarne, kooperativne dru\u017ebe, ki temelji na neposredni demokraciji. Na voljo v \u0160kratovi \u010citalnici in v <a href=\"http:\/\/www.ljudmila.org\/anarhiv\/Svojtok\/index.html\">digitalni obliki<\/a>!<\/p>\n<p>V sklopu projekta <strong><em>Aktivna sedanjost je prihodnost!<\/em><\/strong> smo izdali zlo\u017eenko z nasveti za izpeljavo projektne ideje<\/p>\n<p><strong><a href=\"http:\/\/kudanarhiv.org\/wp-content\/uploads\/2014\/04\/zlozenkaPDF.pdf\">Zlo\u017eenka Razvoj projektne ideje<\/a><\/strong><\/p>\n<p>V sklopu projektov <strong><em>Akivna sedanjost je prihodnost! <\/em><\/strong>in ve\u010dletnega, neprekinjenega delovanja projekta \u0160kratova \u010ditalnica smo izdali kraj\u0161i zbornik, v katerem je med drugim mo\u010d najti tudi nagrajene eseje na\u0161ega velikega nate\u010daja \u00bbKdo smo, kje smo, kam gremo?\u00ab.<\/p>\n<p><strong><a href=\"http:\/\/kudanarhiv.org\/wp-content\/uploads\/2014\/04\/brosura2014a.pdf\">Zbornik Aktivna sedanjost je prihodnost in \u0160kratova \u010ditalnica 2014<\/a><\/strong><\/p>\n<p>V okviru otro\u0161ko-\u0161tudentskega projekta<strong> De\u017eela \u0161kratkov<\/strong> smo izdali povzetek dogajanj na otro\u0161kih delavnicah:<\/p>\n<p><strong><a href=\"http:\/\/kudanarhiv.org\/wp-content\/uploads\/2014\/04\/letak2013.pdf\">De\u017eela \u0161kratkov<\/a><\/strong><\/p>\n<p>V sklopu projekta <strong><em>Ustvarjam po obdobjih<\/em><\/strong> je nastala zlo\u017eenka:<\/p>\n<p><strong><a href=\"http:\/\/kudanarhiv.org\/wp-content\/uploads\/2013\/07\/skratokvil_menu-1.pdf\">skratokvil_menu (1)<\/a><\/strong><\/p>\n<p>V sklopu projekta <em><strong>Glasbeno-gibalnih otro\u0161kih delavnic Lunin Med<\/strong><\/em>:<\/p>\n<p><strong><a href=\"http:\/\/kudanarhiv.org\/wp-content\/uploads\/2014\/10\/BROSURA_LUNIN_MED.pdf\">BROSURA_LUNIN_MED<\/a>.<\/strong><\/p>\n<p>Bro\u0161ura projekta <strong><em>Meje mojega jezika so meje mojega sveta?<\/em><\/strong> je na voljo za izposojo v \u0160kratovi \u010ditalnici.<\/p>\n","protected":false},"excerpt":{"rendered":"<p>Eno od pomembnej\u0161ih podro\u010dij delovanja Kulturno umetni\u0161kega dru\u0161tva Anarhiv je med drugim tudi izvajanje zalo\u017eni\u0161ke dejavnosti v skladu s statutom dru\u0161tva. Tako smo tekom let izdali ve\u010d (tako strokovnih kot poljudnih) zbornikov, knji\u017eic, informativnih zlo\u017eenk, celo \u010dasopisov. Z vsemi izdanimi materiali sku\u0161a KUD Anarhiv ne le celostno zaokro\u017eiti svoje aktivnosti, temve\u010d \u017eeli z njimi \u0161ir\u0161i, [&hellip;]<\/p>\n","protected":false},"author":2,"featured_media":0,"parent":0,"menu_order":0,"comment_status":"closed","ping_status":"closed","template":"","meta":{"footnotes":""},"class_list":["post-939","page","type-page","status-publish","hentry"],"_links":{"self":[{"href":"http:\/\/kudanarhiv.org\/index.php?rest_route=\/wp\/v2\/pages\/939","targetHints":{"allow":["GET"]}}],"collection":[{"href":"http:\/\/kudanarhiv.org\/index.php?rest_route=\/wp\/v2\/pages"}],"about":[{"href":"http:\/\/kudanarhiv.org\/index.php?rest_route=\/wp\/v2\/types\/page"}],"author":[{"embeddable":true,"href":"http:\/\/kudanarhiv.org\/index.php?rest_route=\/wp\/v2\/users\/2"}],"replies":[{"embeddable":true,"href":"http:\/\/kudanarhiv.org\/index.php?rest_route=%2Fwp%2Fv2%2Fcomments&post=939"}],"version-history":[{"count":3,"href":"http:\/\/kudanarhiv.org\/index.php?rest_route=\/wp\/v2\/pages\/939\/revisions"}],"predecessor-version":[{"id":1391,"href":"http:\/\/kudanarhiv.org\/index.php?rest_route=\/wp\/v2\/pages\/939\/revisions\/1391"}],"wp:attachment":[{"href":"http:\/\/kudanarhiv.org\/index.php?rest_route=%2Fwp%2Fv2%2Fmedia&parent=939"}],"curies":[{"name":"wp","href":"https:\/\/api.w.org\/{rel}","templated":true}]}}