{"id":2,"date":"2014-10-01T16:55:11","date_gmt":"2014-10-01T16:55:11","guid":{"rendered":"http:\/\/kudanarhiv.org\/refresninemscino\/?page_id=2"},"modified":"2015-02-05T19:24:11","modified_gmt":"2015-02-05T19:24:11","slug":"sample-page","status":"publish","type":"page","link":"http:\/\/kudanarhiv.org\/refresninemscino\/?page_id=2","title":{"rendered":"O Nas"},"content":{"rendered":"<p>Vodilo projekta <em>Meje mojega jezika so meje mojega sveta?<\/em> je brezpla\u010dno pou\u010devanje nem\u0161kega jezika za socialno ogro\u017eene mlade (18-29 let) vsak petek od za\u010detka oktobra do konca decembra v knji\u017enici \u0160i\u0161ka. Pou\u010devanje poteka po principu bralnega kro\u017eka, kjer so mladi skozi branje razli\u010dnih tako \u010dasopisnih kot literarnih tekstov spodbujani k aktivnemu in anga\u017eiranemu razmisleku o dru\u017ebi v kateri \u017eivijo ter izra\u017eanju lastnih stali\u0161\u010d v tujem jeziku. Predlogi obravnavanih tematik so: grajenje solidarnosti v lokalni skupnosti, multikulturna dru\u017eba in ekonomske neenakosti, polo\u017eaj \u017eensk, brezposelnost mladih v EU, ekologija ipd. Udele\u017eenci gradivo za ure dobijo vnaprej ter se na vsako uro aktivno pripravijo. Skozi aktivno rabo so tako primorani k razmi\u0161ljanju v tujem jeziku, kar se je v pou\u010devanju tujih jezikov izkazalo za zelo plodno.<\/p>\n<p>Projekt <em>Meje mojega jezika so meje mojega sveta? <\/em>dopolnjuja tudi dva filmska ve\u010dera in en diskusijski ve\u010der, kjer bo dostop do vsebin omogo\u010den tudi neudele\u017eencem jezikovnega kro\u017eka. Na filmskih ve\u010derih bodo imeli udele\u017eenci in ostali zainteresirani mo\u017enost ogleda nem\u0161ko govore\u010dega filma in kratke diskusije po njem. Diskusijski ve\u010der pa bo organiziran s strani udele\u017eencev na enega izmed zadnjih terminov, predstavljal pa bo skupek vseh predstavljenih pere\u010dih dru\u017ebenih tematik.<\/p>\n<p>KDAJ: vsak petek od 3.10. do 19.12.2014 od 17:00-18:30<\/p>\n<p>KJE: Knji\u017enica \u0160i\u0161ka<\/p>\n<p>\u0160TEVILO PROSTIH MEST: 8-12<\/p>\n<p>UDELE\u017dBA: VSTOP PROST<\/p>\n<p>PRIJAVE in INFORMACIJE: mojcakirbis na yahoo.de (do 20. septembra)<\/p>\n<p>Kro\u017eek bo vodila Mojca Kirbi\u0161, u\u010diteljica nem\u0161\u010dine in literarna komparativistka.<\/p>\n<p><strong>KOLEDAR SRE\u010cANJ:<\/strong><\/p>\n<p>12.9. Film: &#8220;Der Himmel \u00fcber Berlin&#8221; (W. Wenders, 1987)<\/p>\n<p>3.10. Comic: &#8220;Wie wir uns mal&#8217;ne 3er WG suchen wollten&#8221; (M. Mawil Witzel, 2001)<\/p>\n<p>10.10. St\u00fcck: &#8220;Der Jasager&#8221; und &#8220;Der Neinsager&#8221; (B. Brecht, 1930)<\/p>\n<p>17.10. Artikel: &#8220;Larry und die Mondfahrer&#8221; (Th. Schulz, aus &#8220;Der Spiegel&#8221; 10\/2014)<\/p>\n<p>24.10. Unsere Lieblingssongs<\/p>\n<p>7.11. Kurzgeschichte: \u201eSommerg\u00e4ste\u201c (P. Stamm, 2011)<\/p>\n<p>14.11. Filmabend: \u201eBarbara\u201c (Ch. Petzold, 2012)<\/p>\n<p>24.11. Filmgespr\u00e4ch zu \u201eBarbara\u201c<\/p>\n<p>28.11. Roman: \u201eAnsichten eines Clowns\u201c (H. B\u00f6ll, 1963)<\/p>\n<p>5.12. Artikel: &#8220;Kinder der Stille&#8221; (D. Kurbjuweit, aus &#8220;Der Spiegel&#8221; 46\/2014)<\/p>\n<p>12.12. Filmabend: &#8220;Stroszek&#8221; (W. Herzog, 1977)<\/p>\n<p>29.12. Abschlussabend<\/p>\n<p><strong>ZAKLJU\u010cNA ZLO\u017dENKA:<\/strong><\/p>\n<p><a href=\"http:\/\/kudanarhiv.org\/refresninemscino\/wp-content\/uploads\/2014\/10\/Meje_mojega_jezika_so_meje_mojega_sveta_PDF.pdf\">Meje_mojega_jezika_so_meje_mojega_sveta_PDF<\/a><\/p>\n<p><strong>Projekt nem\u0161ki bralni kro\u017eek Meje mojega jezika so meje mojega sveta? se izvaja v okviru Kulturno umetni\u0161kega dru\u0161tva Anarhiv v sodelovanju s Knji\u017enico \u0160i\u0161ka in Zavodom Vizo. Projekt finan\u010dno podpirajo MOL \u2013 Urad za mladino in \u0160OU v Ljubljani, za tehni\u010dno in infrastrukturno podporo pa bosta poskrbela tudi KUD Mre\u017ea in YHD.<\/strong><\/p>\n<p><a href=\"http:\/\/kudanarhiv.org\/refresninemscino\/wp-content\/uploads\/2014\/10\/skrat.gif\"><img loading=\"lazy\" decoding=\"async\" class=\"alignnone size-full wp-image-104\" src=\"http:\/\/kudanarhiv.org\/refresninemscino\/wp-content\/uploads\/2014\/10\/skrat.gif\" alt=\"skrat\" width=\"130\" height=\"130\" \/><\/a><\/p>\n<p><a href=\"http:\/\/kudanarhiv.org\/refresninemscino\/wp-content\/uploads\/2014\/10\/logoti2.jpg\"><img loading=\"lazy\" decoding=\"async\" class=\"alignnone size-large wp-image-102\" src=\"http:\/\/kudanarhiv.org\/refresninemscino\/wp-content\/uploads\/2014\/10\/logoti2-1024x66.jpg\" alt=\"logoti2\" width=\"625\" height=\"40\" srcset=\"http:\/\/kudanarhiv.org\/refresninemscino\/wp-content\/uploads\/2014\/10\/logoti2-1024x66.jpg 1024w, http:\/\/kudanarhiv.org\/refresninemscino\/wp-content\/uploads\/2014\/10\/logoti2-300x19.jpg 300w, http:\/\/kudanarhiv.org\/refresninemscino\/wp-content\/uploads\/2014\/10\/logoti2-624x40.jpg 624w, http:\/\/kudanarhiv.org\/refresninemscino\/wp-content\/uploads\/2014\/10\/logoti2.jpg 1444w\" sizes=\"(max-width: 625px) 100vw, 625px\" \/><\/a><\/p>\n","protected":false},"excerpt":{"rendered":"<p>Vodilo projekta Meje mojega jezika so meje mojega sveta? je brezpla\u010dno pou\u010devanje nem\u0161kega jezika za socialno ogro\u017eene mlade (18-29 let) vsak petek od za\u010detka oktobra do konca decembra v knji\u017enici \u0160i\u0161ka. Pou\u010devanje poteka po principu bralnega kro\u017eka, kjer so mladi skozi branje razli\u010dnih tako \u010dasopisnih kot literarnih tekstov spodbujani k aktivnemu in anga\u017eiranemu razmisleku o [&hellip;]<\/p>\n","protected":false},"author":1,"featured_media":0,"parent":0,"menu_order":0,"comment_status":"open","ping_status":"open","template":"","meta":{"footnotes":""},"_links":{"self":[{"href":"http:\/\/kudanarhiv.org\/refresninemscino\/index.php?rest_route=\/wp\/v2\/pages\/2"}],"collection":[{"href":"http:\/\/kudanarhiv.org\/refresninemscino\/index.php?rest_route=\/wp\/v2\/pages"}],"about":[{"href":"http:\/\/kudanarhiv.org\/refresninemscino\/index.php?rest_route=\/wp\/v2\/types\/page"}],"author":[{"embeddable":true,"href":"http:\/\/kudanarhiv.org\/refresninemscino\/index.php?rest_route=\/wp\/v2\/users\/1"}],"replies":[{"embeddable":true,"href":"http:\/\/kudanarhiv.org\/refresninemscino\/index.php?rest_route=%2Fwp%2Fv2%2Fcomments&post=2"}],"version-history":[{"count":13,"href":"http:\/\/kudanarhiv.org\/refresninemscino\/index.php?rest_route=\/wp\/v2\/pages\/2\/revisions"}],"predecessor-version":[{"id":202,"href":"http:\/\/kudanarhiv.org\/refresninemscino\/index.php?rest_route=\/wp\/v2\/pages\/2\/revisions\/202"}],"wp:attachment":[{"href":"http:\/\/kudanarhiv.org\/refresninemscino\/index.php?rest_route=%2Fwp%2Fv2%2Fmedia&parent=2"}],"curies":[{"name":"wp","href":"https:\/\/api.w.org\/{rel}","templated":true}]}}