{"id":3468,"date":"2026-03-11T10:31:23","date_gmt":"2026-03-11T09:31:23","guid":{"rendered":"https:\/\/kudanarhiv.org\/?page_id=3468"},"modified":"2026-03-11T10:31:35","modified_gmt":"2026-03-11T09:31:35","slug":"nared-efrekt-da-dela-brrr","status":"publish","type":"page","link":"https:\/\/kudanarhiv.org\/?page_id=3468","title":{"rendered":"Nared efekt, da dela brrr"},"content":{"rendered":"\n<p>DIY WORKSHOP za nadebudne elektron\u010dkarje in elektron\u010dkarke. Izdelujemo zvo\u010dila in efekte vseh vrst, trudimo se, da brnijo, da jih je mo\u017eno modulirati in z njimi nudlati. Vsak petek zve\u010der.<\/p>\n","protected":false},"excerpt":{"rendered":"<p>DIY WORKSHOP za nadebudne elektron\u010dkarje in elektron\u010dkarke. Izdelujemo zvo\u010dila in efekte vseh vrst, trudimo se, da brnijo, da jih je mo\u017eno modulirati in z njimi nudlati. Vsak petek zve\u010der.<\/p>\n","protected":false},"author":7,"featured_media":0,"parent":0,"menu_order":0,"comment_status":"closed","ping_status":"closed","template":"","meta":{"footnotes":""},"class_list":["post-3468","page","type-page","status-publish","hentry"],"_links":{"self":[{"href":"https:\/\/kudanarhiv.org\/index.php?rest_route=\/wp\/v2\/pages\/3468","targetHints":{"allow":["GET"]}}],"collection":[{"href":"https:\/\/kudanarhiv.org\/index.php?rest_route=\/wp\/v2\/pages"}],"about":[{"href":"https:\/\/kudanarhiv.org\/index.php?rest_route=\/wp\/v2\/types\/page"}],"author":[{"embeddable":true,"href":"https:\/\/kudanarhiv.org\/index.php?rest_route=\/wp\/v2\/users\/7"}],"replies":[{"embeddable":true,"href":"https:\/\/kudanarhiv.org\/index.php?rest_route=%2Fwp%2Fv2%2Fcomments&post=3468"}],"version-history":[{"count":2,"href":"https:\/\/kudanarhiv.org\/index.php?rest_route=\/wp\/v2\/pages\/3468\/revisions"}],"predecessor-version":[{"id":3470,"href":"https:\/\/kudanarhiv.org\/index.php?rest_route=\/wp\/v2\/pages\/3468\/revisions\/3470"}],"wp:attachment":[{"href":"https:\/\/kudanarhiv.org\/index.php?rest_route=%2Fwp%2Fv2%2Fmedia&parent=3468"}],"curies":[{"name":"wp","href":"https:\/\/api.w.org\/{rel}","templated":true}]}}