{"id":7,"date":"2013-05-02T17:33:57","date_gmt":"2013-05-02T17:33:57","guid":{"rendered":"http:\/\/kudanarhiv.org\/?page_id=7"},"modified":"2016-05-20T14:31:59","modified_gmt":"2016-05-20T12:31:59","slug":"skratova-info-tocka","status":"publish","type":"page","link":"https:\/\/kudanarhiv.org\/?page_id=7","title":{"rendered":"\u0160kratova info to\u010dka"},"content":{"rendered":"<p align=\"left\">\u017de od za\u010detkov delovanja \u0160kratove \u010ditalnice ta deluje\u00a0tudi kot info to\u010dka, med drugim je tudi del ljubljanske mre\u017ee <a href=\"http:\/\/kudanarhiv.org\/?page_id=1086\">L&#8217;mit<\/a>, ki \u0161teje kar devet neprofitnih organizacij.<\/p>\n<p align=\"left\">Vsebinsko pokriva podro\u010dja kot so mladinsko delo, mladinski anga\u017ema, kot posebna ponudba informacij in vsa ostala standardna podro\u010dja informiranja s podro\u010dij, ki jih pokriva gradivo v \u0160kratovi \u010ditalnici. Med drugim ti prijazni informatorji lahko pomagajo\u00a0pri seminarskih, diplomskih nalogah. Kako? Tako da v pogovoru s tabo med \u0161kratovskimi knji\u017enimi policami poi\u0161\u010dejo \u0161tudijsko literaturo, ki je na voljo LE v \u0160kratovi \u010ditalnici.<\/p>\n<p align=\"left\">V letu 2012 smo informiranje raz\u0161irili tudi na podro\u010dje iskanja zaposlitev (v okviru projekta <a href=\"http:\/\/kudanarhiv.org\/?page_id=55\">&#8220;Aktivna sedanjost je prihodnost!&#8221;<\/a>), pri \u010demer se \u0161e posebno osredoto\u010damo na trajnostni razvoj, ki se zaveda odgovornega ravnanja z dru\u017ebo in okolja. Iz danega projekta je nastala tudi zelo uspe\u0161na <strong><em>\u0160kratova projektna svetovalnica oz. Projektna svetovalnica<\/em><\/strong>, ki deluje kot okusno \u0161kratovsko testo, iz katerega so vzhajali \u0161tevilni projekti, projektne vsebine, programi, med drugim smo za nekatere prejeli celo ugledna mednarodna sofinanciranja.<\/p>\n<p align=\"left\">V letu 2014-2016 bomo \u0160kratovi info to\u010dki dodali \u0161e<a href=\"http:\/\/kudanarhiv.org\/?page_id=517\"> filmsko<\/a> in <a href=\"http:\/\/kudanarhiv.org\/?page_id=718\">uprizoritveno info to\u010dko<\/a>: prva bo pokrivala avdiovizualno kulturo, druga pa \u0161ir\u0161e podro\u010dje gledali\u0161\u010da.<\/p>\n<p align=\"left\"><strong><em>Info to\u010dka z informatorjem je na razpolago skladno z odpiralnim \u010dasom \u010ditalnice.\u00a0<\/em><\/strong><\/p>\n<p align=\"left\">V poletnih\u00a0 mesecih, ob dolo\u010denih dnevih, kot bodo sledili najavljeni na spletni strani, bosta \u0160kratova \u010ditalnica in \u0160kratova Info-to\u010dka delovali v Bibliobusu na \u0160kratovem vrtu v Metelkova mestu.<\/p>\n<p align=\"left\">\n<p align=\"left\">\n","protected":false},"excerpt":{"rendered":"<p>\u017de od za\u010detkov delovanja \u0160kratove \u010ditalnice ta deluje\u00a0tudi kot info to\u010dka, med drugim je tudi del ljubljanske mre\u017ee L&#8217;mit, ki \u0161teje kar devet neprofitnih organizacij. Vsebinsko pokriva podro\u010dja kot so mladinsko delo, mladinski anga\u017ema, kot posebna ponudba informacij in vsa ostala standardna podro\u010dja informiranja s podro\u010dij, ki jih pokriva gradivo v \u0160kratovi \u010ditalnici. Med drugim [&hellip;]<\/p>\n","protected":false},"author":7,"featured_media":0,"parent":0,"menu_order":0,"comment_status":"closed","ping_status":"closed","template":"","meta":{"footnotes":""},"class_list":["post-7","page","type-page","status-publish","hentry"],"_links":{"self":[{"href":"https:\/\/kudanarhiv.org\/index.php?rest_route=\/wp\/v2\/pages\/7","targetHints":{"allow":["GET"]}}],"collection":[{"href":"https:\/\/kudanarhiv.org\/index.php?rest_route=\/wp\/v2\/pages"}],"about":[{"href":"https:\/\/kudanarhiv.org\/index.php?rest_route=\/wp\/v2\/types\/page"}],"author":[{"embeddable":true,"href":"https:\/\/kudanarhiv.org\/index.php?rest_route=\/wp\/v2\/users\/7"}],"replies":[{"embeddable":true,"href":"https:\/\/kudanarhiv.org\/index.php?rest_route=%2Fwp%2Fv2%2Fcomments&post=7"}],"version-history":[{"count":7,"href":"https:\/\/kudanarhiv.org\/index.php?rest_route=\/wp\/v2\/pages\/7\/revisions"}],"predecessor-version":[{"id":1382,"href":"https:\/\/kudanarhiv.org\/index.php?rest_route=\/wp\/v2\/pages\/7\/revisions\/1382"}],"wp:attachment":[{"href":"https:\/\/kudanarhiv.org\/index.php?rest_route=%2Fwp%2Fv2%2Fmedia&parent=7"}],"curies":[{"name":"wp","href":"https:\/\/api.w.org\/{rel}","templated":true}]}}